{"id":4479,"date":"2022-01-28T12:49:21","date_gmt":"2022-01-28T11:49:21","guid":{"rendered":"https:\/\/norskiptv.me\/?page_id=4479"},"modified":"2024-07-30T09:47:10","modified_gmt":"2024-07-30T07:47:10","slug":"renewal","status":"publish","type":"page","link":"https:\/\/norskiptv.me\/nb\/renewal\/","title":{"rendered":"Fornye"},"content":{"rendered":"<div data-elementor-type=\"wp-page\" data-elementor-id=\"4479\" class=\"elementor elementor-4479\" data-elementor-post-type=\"page\">\n\t\t\t\t\t\t<section class=\"elementor-section elementor-top-section elementor-element elementor-element-f942fff elementor-section-boxed elementor-section-height-default elementor-section-height-default\" data-id=\"f942fff\" data-element_type=\"section\" data-e-type=\"section\">\n\t\t\t\t\t\t<div class=\"elementor-container elementor-column-gap-default\">\n\t\t\t\t\t<div class=\"elementor-column elementor-col-100 elementor-top-column elementor-element elementor-element-1e1bce0\" data-id=\"1e1bce0\" data-element_type=\"column\" data-e-type=\"column\">\n\t\t\t<div class=\"elementor-widget-wrap\">\n\t\t\t\t\t\t\t<\/div>\n\t\t<\/div>\n\t\t\t\t\t<\/div>\n\t\t<\/section>\n\t\t\t\t<section class=\"elementor-section elementor-top-section elementor-element elementor-element-551fefc elementor-section-boxed elementor-section-height-default elementor-section-height-default\" data-id=\"551fefc\" data-element_type=\"section\" data-e-type=\"section\">\n\t\t\t\t\t\t<div class=\"elementor-container elementor-column-gap-default\">\n\t\t\t\t\t<div class=\"elementor-column elementor-col-100 elementor-top-column elementor-element elementor-element-be350c6\" data-id=\"be350c6\" data-element_type=\"column\" data-e-type=\"column\">\n\t\t\t<div class=\"elementor-widget-wrap elementor-element-populated\">\n\t\t\t\t\t\t<div data-dce-title-color=\"#303030\" class=\"elementor-element elementor-element-5c56660 elementor-widget elementor-widget-heading\" data-id=\"5c56660\" data-element_type=\"widget\" data-e-type=\"widget\" data-widget_type=\"heading.default\">\n\t\t\t\t<div class=\"elementor-widget-container\">\n\t\t\t\t\t<h2 class=\"elementor-heading-title elementor-size-default\">Fornyelse av abonnement<\/h2>\t\t\t\t<\/div>\n\t\t\t\t<\/div>\n\t\t\t\t<div data-dce-title-color=\"#303030\" class=\"elementor-element elementor-element-e59bfd2 elementor-widget elementor-widget-heading\" data-id=\"e59bfd2\" data-element_type=\"widget\" data-e-type=\"widget\" data-widget_type=\"heading.default\">\n\t\t\t\t<div class=\"elementor-widget-container\">\n\t\t\t\t\t<h4 class=\"elementor-heading-title elementor-size-default\">Har du hatt en gratis pr\u00f8veperiode og vil kj\u00f8pe et abonnement? Eller hvis du har hatt et abonnement som har g\u00e5tt ut, kan du fornye abonnementet her<\/h4>\t\t\t\t<\/div>\n\t\t\t\t<\/div>\n\t\t\t\t<div class=\"elementor-element elementor-element-b6df003 elementor-widget elementor-widget-text-editor\" data-id=\"b6df003\" data-element_type=\"widget\" data-e-type=\"widget\" data-widget_type=\"text-editor.default\">\n\t\t\t\t<div class=\"elementor-widget-container\">\n\t\t\t\t\t\t\t\t\t<center><strong>Bruk lenkene under for \u00e5 bestille:<\/strong><\/center><p>\u00a0<\/p><p style=\"text-align: center;\">1 m\u00e5ned (30 \u20ac): <a href=\"https:\/\/mystreamy.me\/renew-03-1-month\" rel=\"noopener\">KJ\u00d8P N\u00c5<\/a><\/p><p style=\"text-align: center;\">3 m\u00e5neder (\u20ac50): <a href=\"https:\/\/mystreamy.me\/renew-03-3-month\" rel=\"noopener\">KJ\u00d8P N\u00c5<\/a><\/p><p style=\"text-align: center;\">6 m\u00e5neder (\u20ac80): <a href=\"https:\/\/mystreamy.me\/renew-03-6-month\" rel=\"noopener\">KJ\u00d8P N\u00c5<\/a><\/p><p style=\"text-align: center;\">12 m\u00e5neder (\u20ac130): <a href=\"https:\/\/mystreamy.me\/renew-03-12-month\" rel=\"noopener\">KJ\u00d8P N\u00c5<\/a><\/p>\t\t\t\t\t\t\t\t<\/div>\n\t\t\t\t<\/div>\n\t\t\t\t<div class=\"elementor-element elementor-element-5f2d2f9 dce_masking-none elementor-widget elementor-widget-image\" data-id=\"5f2d2f9\" data-element_type=\"widget\" data-e-type=\"widget\" data-widget_type=\"image.default\">\n\t\t\t\t<div class=\"elementor-widget-container\">\n\t\t\t\t\t\t\t\t\t\t\t\t\t\t\t<img fetchpriority=\"high\" decoding=\"async\" width=\"525\" height=\"460\" src=\"https:\/\/norskiptv.me\/wp-content\/uploads\/2021\/11\/asset-4.png\" class=\"attachment-large size-large wp-image-47\" alt=\"\" srcset=\"https:\/\/norskiptv.me\/wp-content\/uploads\/2021\/11\/asset-4.png 525w, https:\/\/norskiptv.me\/wp-content\/uploads\/2021\/11\/asset-4-300x263.png 300w\" sizes=\"(max-width: 525px) 100vw, 525px\" \/>\t\t\t\t\t\t\t\t\t\t\t\t\t\t\t<\/div>\n\t\t\t\t<\/div>\n\t\t\t\t<div data-dce-text-color=\"#707070\" class=\"elementor-element elementor-element-f0ed9b9 elementor-widget elementor-widget-text-editor\" data-id=\"f0ed9b9\" data-element_type=\"widget\" data-e-type=\"widget\" data-widget_type=\"text-editor.default\">\n\t\t\t\t<div class=\"elementor-widget-container\">\n\t\t\t\t\t\t\t\t\t<p>P\u00e5 grunn av stor ettersp\u00f8rsel, gir vi n\u00e5 bare pr\u00f8veversjoner via chat. Klikk p\u00e5 \"chat-ikonet\" i nedre h\u00f8yre hj\u00f8rne for \u00e5 starte en chat.<\/p>\t\t\t\t\t\t\t\t<\/div>\n\t\t\t\t<\/div>\n\t\t\t\t<div data-dce-title-color=\"#303030\" class=\"elementor-element elementor-element-77eda7a elementor-widget elementor-widget-heading\" data-id=\"77eda7a\" data-element_type=\"widget\" data-e-type=\"widget\" data-widget_type=\"heading.default\">\n\t\t\t\t<div class=\"elementor-widget-container\">\n\t\t\t\t\t<h2 class=\"elementor-heading-title elementor-size-default\">Kontakt oss p\u00e5 chat, og vi starter din 1-times gratis pr\u00f8veperiode umiddelbart.<\/h2>\t\t\t\t<\/div>\n\t\t\t\t<\/div>\n\t\t\t\t\t<\/div>\n\t\t<\/div>\n\t\t\t\t\t<\/div>\n\t\t<\/section>\n\t\t\t\t<section data-dce-background-image-url=\"https:\/\/norskiptv.me\/wp-content\/uploads\/2021\/11\/asset-11.png\" class=\"elementor-section elementor-top-section elementor-element elementor-element-c802990 elementor-section-boxed elementor-section-height-default elementor-section-height-default\" data-id=\"c802990\" data-element_type=\"section\" data-e-type=\"section\" data-settings=\"{&quot;background_background&quot;:&quot;classic&quot;}\">\n\t\t\t\t\t\t<div class=\"elementor-container elementor-column-gap-no\">\n\t\t\t\t\t<div class=\"elementor-column elementor-col-100 elementor-top-column elementor-element elementor-element-2da7dd6\" data-id=\"2da7dd6\" data-element_type=\"column\" data-e-type=\"column\">\n\t\t\t<div class=\"elementor-widget-wrap elementor-element-populated\">\n\t\t\t\t\t\t<div class=\"elementor-element elementor-element-8ed8a0a elementor-widget elementor-widget-spacer\" data-id=\"8ed8a0a\" data-element_type=\"widget\" data-e-type=\"widget\" data-widget_type=\"spacer.default\">\n\t\t\t\t<div class=\"elementor-widget-container\">\n\t\t\t\t\t\t\t<div class=\"elementor-spacer\">\n\t\t\t<div class=\"elementor-spacer-inner\"><\/div>\n\t\t<\/div>\n\t\t\t\t\t\t<\/div>\n\t\t\t\t<\/div>\n\t\t\t\t<div data-dce-title-color=\"#FFFFFF\" class=\"elementor-element elementor-element-b28dd39 elementor-widget elementor-widget-heading\" data-id=\"b28dd39\" data-element_type=\"widget\" data-e-type=\"widget\" data-widget_type=\"heading.default\">\n\t\t\t\t<div class=\"elementor-widget-container\">\n\t\t\t\t\t<h2 class=\"elementor-heading-title elementor-size-default\">Har du noen sp\u00f8rsm\u00e5l? Start en chat med oss!<\/h2>\t\t\t\t<\/div>\n\t\t\t\t<\/div>\n\t\t\t\t<div class=\"elementor-element elementor-element-382e060 elementor-widget elementor-widget-spacer\" data-id=\"382e060\" data-element_type=\"widget\" data-e-type=\"widget\" data-widget_type=\"spacer.default\">\n\t\t\t\t<div class=\"elementor-widget-container\">\n\t\t\t\t\t\t\t<div class=\"elementor-spacer\">\n\t\t\t<div class=\"elementor-spacer-inner\"><\/div>\n\t\t<\/div>\n\t\t\t\t\t\t<\/div>\n\t\t\t\t<\/div>\n\t\t\t\t\t<\/div>\n\t\t<\/div>\n\t\t\t\t\t<\/div>\n\t\t<\/section>\n\t\t\t\t<\/div>","protected":false},"excerpt":{"rendered":"<p>Subscription renewal Have you had a free trial and want to buy a subscription? Or if you&#8217;ve had a subscription that has expired, you can renew the subscription here Use the below links to order: \u00a0 1 Month (\u20ac30): BUY NOW 3 Months(\u20ac50): BUY NOW 6 Months (\u20ac80): BUY NOW 12 Months (\u20ac130): BUY NOW [&hellip;]<\/p>\n","protected":false},"author":2,"featured_media":0,"parent":0,"menu_order":0,"comment_status":"closed","ping_status":"closed","template":"elementor_header_footer","meta":{"site-sidebar-layout":"no-sidebar","site-content-layout":"page-builder","ast-site-content-layout":"default","site-content-style":"default","site-sidebar-style":"default","ast-global-header-display":"","ast-banner-title-visibility":"","ast-main-header-display":"","ast-hfb-above-header-display":"","ast-hfb-below-header-display":"","ast-hfb-mobile-header-display":"","site-post-title":"disabled","ast-breadcrumbs-content":"","ast-featured-img":"disabled","footer-sml-layout":"","ast-disable-related-posts":"","theme-transparent-header-meta":"default","adv-header-id-meta":"","stick-header-meta":"","header-above-stick-meta":"","header-main-stick-meta":"","header-below-stick-meta":"","astra-migrate-meta-layouts":"default","ast-page-background-enabled":"default","ast-page-background-meta":{"desktop":{"background-color":"var(--ast-global-color-4)","background-image":"","background-repeat":"repeat","background-position":"center center","background-size":"auto","background-attachment":"scroll","background-type":"","background-media":"","overlay-type":"","overlay-color":"","overlay-opacity":"","overlay-gradient":""},"tablet":{"background-color":"","background-image":"","background-repeat":"repeat","background-position":"center center","background-size":"auto","background-attachment":"scroll","background-type":"","background-media":"","overlay-type":"","overlay-color":"","overlay-opacity":"","overlay-gradient":""},"mobile":{"background-color":"","background-image":"","background-repeat":"repeat","background-position":"center center","background-size":"auto","background-attachment":"scroll","background-type":"","background-media":"","overlay-type":"","overlay-color":"","overlay-opacity":"","overlay-gradient":""}},"ast-content-background-meta":{"desktop":{"background-color":"var(--ast-global-color-5)","background-image":"","background-repeat":"repeat","background-position":"center center","background-size":"auto","background-attachment":"scroll","background-type":"","background-media":"","overlay-type":"","overlay-color":"","overlay-opacity":"","overlay-gradient":""},"tablet":{"background-color":"var(--ast-global-color-5)","background-image":"","background-repeat":"repeat","background-position":"center center","background-size":"auto","background-attachment":"scroll","background-type":"","background-media":"","overlay-type":"","overlay-color":"","overlay-opacity":"","overlay-gradient":""},"mobile":{"background-color":"var(--ast-global-color-5)","background-image":"","background-repeat":"repeat","background-position":"center center","background-size":"auto","background-attachment":"scroll","background-type":"","background-media":"","overlay-type":"","overlay-color":"","overlay-opacity":"","overlay-gradient":""}},"footnotes":""},"class_list":["post-4479","page","type-page","status-publish","hentry"],"yoast_head":"<!-- This site is optimized with the Yoast SEO plugin v27.5 - https:\/\/yoast.com\/product\/yoast-seo-wordpress\/ -->\n<title>Renewal - NORSK IPTV<\/title>\n<meta name=\"robots\" content=\"index, follow, max-snippet:-1, max-image-preview:large, max-video-preview:-1\" \/>\n<link rel=\"canonical\" href=\"https:\/\/norskiptv.me\/nb\/renewal\/\" \/>\n<meta property=\"og:locale\" content=\"nb_NO\" \/>\n<meta property=\"og:type\" content=\"article\" \/>\n<meta property=\"og:title\" content=\"Renewal - NORSK IPTV\" \/>\n<meta property=\"og:description\" content=\"Subscription renewal Have you had a free trial and want to buy a subscription? Or if you&#8217;ve had a subscription that has expired, you can renew the subscription here Use the below links to order: \u00a0 1 Month (\u20ac30): BUY NOW 3 Months(\u20ac50): BUY NOW 6 Months (\u20ac80): BUY NOW 12 Months (\u20ac130): BUY NOW [&hellip;]\" \/>\n<meta property=\"og:url\" content=\"https:\/\/norskiptv.me\/nb\/renewal\/\" \/>\n<meta property=\"og:site_name\" content=\"NORSK IPTV\" \/>\n<meta property=\"article:modified_time\" content=\"2024-07-30T07:47:10+00:00\" \/>\n<meta property=\"og:image\" content=\"https:\/\/norskiptv.me\/wp-content\/uploads\/2021\/11\/asset-4.png\" \/>\n<meta name=\"twitter:card\" content=\"summary_large_image\" \/>\n<meta name=\"twitter:label1\" content=\"Ansl. lesetid\" \/>\n\t<meta name=\"twitter:data1\" content=\"1 minutt\" \/>\n<script type=\"application\/ld+json\" class=\"yoast-schema-graph\">{\"@context\":\"https:\\\/\\\/schema.org\",\"@graph\":[{\"@type\":\"WebPage\",\"@id\":\"https:\\\/\\\/norskiptv.me\\\/renewal\\\/\",\"url\":\"https:\\\/\\\/norskiptv.me\\\/renewal\\\/\",\"name\":\"Renewal - NORSK IPTV\",\"isPartOf\":{\"@id\":\"https:\\\/\\\/norskiptv.me\\\/#website\"},\"primaryImageOfPage\":{\"@id\":\"https:\\\/\\\/norskiptv.me\\\/renewal\\\/#primaryimage\"},\"image\":{\"@id\":\"https:\\\/\\\/norskiptv.me\\\/renewal\\\/#primaryimage\"},\"thumbnailUrl\":\"https:\\\/\\\/norskiptv.me\\\/wp-content\\\/uploads\\\/2021\\\/11\\\/asset-4.png\",\"datePublished\":\"2022-01-28T11:49:21+00:00\",\"dateModified\":\"2024-07-30T07:47:10+00:00\",\"breadcrumb\":{\"@id\":\"https:\\\/\\\/norskiptv.me\\\/renewal\\\/#breadcrumb\"},\"inLanguage\":\"nb-NO\",\"potentialAction\":[{\"@type\":\"ReadAction\",\"target\":[\"https:\\\/\\\/norskiptv.me\\\/renewal\\\/\"]}]},{\"@type\":\"ImageObject\",\"inLanguage\":\"nb-NO\",\"@id\":\"https:\\\/\\\/norskiptv.me\\\/renewal\\\/#primaryimage\",\"url\":\"https:\\\/\\\/norskiptv.me\\\/wp-content\\\/uploads\\\/2021\\\/11\\\/asset-4.png\",\"contentUrl\":\"https:\\\/\\\/norskiptv.me\\\/wp-content\\\/uploads\\\/2021\\\/11\\\/asset-4.png\"},{\"@type\":\"BreadcrumbList\",\"@id\":\"https:\\\/\\\/norskiptv.me\\\/renewal\\\/#breadcrumb\",\"itemListElement\":[{\"@type\":\"ListItem\",\"position\":1,\"name\":\"Home\",\"item\":\"https:\\\/\\\/norskiptv.me\\\/\"},{\"@type\":\"ListItem\",\"position\":2,\"name\":\"Renewal\"}]},{\"@type\":\"WebSite\",\"@id\":\"https:\\\/\\\/norskiptv.me\\\/#website\",\"url\":\"https:\\\/\\\/norskiptv.me\\\/\",\"name\":\"NORSK IPTV\",\"description\":\"Norges beste tjeneste - fra kr 99\\\/mnd\",\"publisher\":{\"@id\":\"https:\\\/\\\/norskiptv.me\\\/#organization\"},\"potentialAction\":[{\"@type\":\"SearchAction\",\"target\":{\"@type\":\"EntryPoint\",\"urlTemplate\":\"https:\\\/\\\/norskiptv.me\\\/?s={search_term_string}\"},\"query-input\":{\"@type\":\"PropertyValueSpecification\",\"valueRequired\":true,\"valueName\":\"search_term_string\"}}],\"inLanguage\":\"nb-NO\"},{\"@type\":\"Organization\",\"@id\":\"https:\\\/\\\/norskiptv.me\\\/#organization\",\"name\":\"Streamy IPTV\",\"url\":\"https:\\\/\\\/norskiptv.me\\\/\",\"logo\":{\"@type\":\"ImageObject\",\"inLanguage\":\"nb-NO\",\"@id\":\"https:\\\/\\\/norskiptv.me\\\/#\\\/schema\\\/logo\\\/image\\\/\",\"url\":\"https:\\\/\\\/norskiptv.me\\\/wp-content\\\/uploads\\\/2021\\\/11\\\/logo.png\",\"contentUrl\":\"https:\\\/\\\/norskiptv.me\\\/wp-content\\\/uploads\\\/2021\\\/11\\\/logo.png\",\"width\":236,\"height\":70,\"caption\":\"Streamy IPTV\"},\"image\":{\"@id\":\"https:\\\/\\\/norskiptv.me\\\/#\\\/schema\\\/logo\\\/image\\\/\"}}]}<\/script>\n<!-- \/ Yoast SEO plugin. -->","yoast_head_json":{"title":"Renewal - NORSK IPTV","robots":{"index":"index","follow":"follow","max-snippet":"max-snippet:-1","max-image-preview":"max-image-preview:large","max-video-preview":"max-video-preview:-1"},"canonical":"https:\/\/norskiptv.me\/nb\/renewal\/","og_locale":"nb_NO","og_type":"article","og_title":"Renewal - NORSK IPTV","og_description":"Subscription renewal Have you had a free trial and want to buy a subscription? Or if you&#8217;ve had a subscription that has expired, you can renew the subscription here Use the below links to order: \u00a0 1 Month (\u20ac30): BUY NOW 3 Months(\u20ac50): BUY NOW 6 Months (\u20ac80): BUY NOW 12 Months (\u20ac130): BUY NOW [&hellip;]","og_url":"https:\/\/norskiptv.me\/nb\/renewal\/","og_site_name":"NORSK IPTV","article_modified_time":"2024-07-30T07:47:10+00:00","og_image":[{"url":"https:\/\/norskiptv.me\/wp-content\/uploads\/2021\/11\/asset-4.png","type":"","width":"","height":""}],"twitter_card":"summary_large_image","twitter_misc":{"Ansl. lesetid":"1 minutt"},"schema":{"@context":"https:\/\/schema.org","@graph":[{"@type":"WebPage","@id":"https:\/\/norskiptv.me\/renewal\/","url":"https:\/\/norskiptv.me\/renewal\/","name":"Renewal - NORSK IPTV","isPartOf":{"@id":"https:\/\/norskiptv.me\/#website"},"primaryImageOfPage":{"@id":"https:\/\/norskiptv.me\/renewal\/#primaryimage"},"image":{"@id":"https:\/\/norskiptv.me\/renewal\/#primaryimage"},"thumbnailUrl":"https:\/\/norskiptv.me\/wp-content\/uploads\/2021\/11\/asset-4.png","datePublished":"2022-01-28T11:49:21+00:00","dateModified":"2024-07-30T07:47:10+00:00","breadcrumb":{"@id":"https:\/\/norskiptv.me\/renewal\/#breadcrumb"},"inLanguage":"nb-NO","potentialAction":[{"@type":"ReadAction","target":["https:\/\/norskiptv.me\/renewal\/"]}]},{"@type":"ImageObject","inLanguage":"nb-NO","@id":"https:\/\/norskiptv.me\/renewal\/#primaryimage","url":"https:\/\/norskiptv.me\/wp-content\/uploads\/2021\/11\/asset-4.png","contentUrl":"https:\/\/norskiptv.me\/wp-content\/uploads\/2021\/11\/asset-4.png"},{"@type":"BreadcrumbList","@id":"https:\/\/norskiptv.me\/renewal\/#breadcrumb","itemListElement":[{"@type":"ListItem","position":1,"name":"Home","item":"https:\/\/norskiptv.me\/"},{"@type":"ListItem","position":2,"name":"Renewal"}]},{"@type":"WebSite","@id":"https:\/\/norskiptv.me\/#website","url":"https:\/\/norskiptv.me\/","name":"NORSK IPTV","description":"Norges beste tjeneste - fra kr 99\/mnd","publisher":{"@id":"https:\/\/norskiptv.me\/#organization"},"potentialAction":[{"@type":"SearchAction","target":{"@type":"EntryPoint","urlTemplate":"https:\/\/norskiptv.me\/?s={search_term_string}"},"query-input":{"@type":"PropertyValueSpecification","valueRequired":true,"valueName":"search_term_string"}}],"inLanguage":"nb-NO"},{"@type":"Organization","@id":"https:\/\/norskiptv.me\/#organization","name":"Streamy IPTV","url":"https:\/\/norskiptv.me\/","logo":{"@type":"ImageObject","inLanguage":"nb-NO","@id":"https:\/\/norskiptv.me\/#\/schema\/logo\/image\/","url":"https:\/\/norskiptv.me\/wp-content\/uploads\/2021\/11\/logo.png","contentUrl":"https:\/\/norskiptv.me\/wp-content\/uploads\/2021\/11\/logo.png","width":236,"height":70,"caption":"Streamy IPTV"},"image":{"@id":"https:\/\/norskiptv.me\/#\/schema\/logo\/image\/"}}]}},"_links":{"self":[{"href":"https:\/\/norskiptv.me\/nb\/wp-json\/wp\/v2\/pages\/4479","targetHints":{"allow":["GET"]}}],"collection":[{"href":"https:\/\/norskiptv.me\/nb\/wp-json\/wp\/v2\/pages"}],"about":[{"href":"https:\/\/norskiptv.me\/nb\/wp-json\/wp\/v2\/types\/page"}],"author":[{"embeddable":true,"href":"https:\/\/norskiptv.me\/nb\/wp-json\/wp\/v2\/users\/2"}],"replies":[{"embeddable":true,"href":"https:\/\/norskiptv.me\/nb\/wp-json\/wp\/v2\/comments?post=4479"}],"version-history":[{"count":3,"href":"https:\/\/norskiptv.me\/nb\/wp-json\/wp\/v2\/pages\/4479\/revisions"}],"predecessor-version":[{"id":4859,"href":"https:\/\/norskiptv.me\/nb\/wp-json\/wp\/v2\/pages\/4479\/revisions\/4859"}],"wp:attachment":[{"href":"https:\/\/norskiptv.me\/nb\/wp-json\/wp\/v2\/media?parent=4479"}],"curies":[{"name":"wp","href":"https:\/\/api.w.org\/{rel}","templated":true}]}}